{"id":613,"date":"2021-08-11T19:49:20","date_gmt":"2021-08-11T19:49:20","guid":{"rendered":"https:\/\/csdcab.tondesign.ca\/val-des-bois\/?page_id=613"},"modified":"2021-08-11T19:51:19","modified_gmt":"2021-08-11T19:51:19","slug":"plan-du-site","status":"publish","type":"page","link":"https:\/\/vdb.csdcab.ca\/en\/plan-du-site\/","title":{"rendered":"Site Map"},"content":{"rendered":"\t\t<div data-elementor-type=\"wp-page\" data-elementor-id=\"613\" class=\"elementor elementor-613\" data-elementor-post-type=\"page\">\n\t\t\t\t\t\t<section class=\"elementor-section elementor-top-section elementor-element elementor-element-9baf175 elementor-section-boxed elementor-section-height-default elementor-section-height-default\" data-id=\"9baf175\" data-element_type=\"section\" data-e-type=\"section\" data-settings=\"{&quot;jet_parallax_layout_list&quot;:[{&quot;jet_parallax_layout_image&quot;:{&quot;url&quot;:&quot;&quot;,&quot;id&quot;:&quot;&quot;,&quot;size&quot;:&quot;&quot;},&quot;_id&quot;:&quot;8b0df6d&quot;,&quot;jet_parallax_layout_image_tablet&quot;:{&quot;url&quot;:&quot;&quot;,&quot;id&quot;:&quot;&quot;,&quot;size&quot;:&quot;&quot;},&quot;jet_parallax_layout_image_mobile&quot;:{&quot;url&quot;:&quot;&quot;,&quot;id&quot;:&quot;&quot;,&quot;size&quot;:&quot;&quot;},&quot;jet_parallax_layout_speed&quot;:{&quot;unit&quot;:&quot;%&quot;,&quot;size&quot;:50,&quot;sizes&quot;:[]},&quot;jet_parallax_layout_type&quot;:&quot;scroll&quot;,&quot;jet_parallax_layout_direction&quot;:&quot;1&quot;,&quot;jet_parallax_layout_fx_direction&quot;:null,&quot;jet_parallax_layout_z_index&quot;:&quot;&quot;,&quot;jet_parallax_layout_bg_x&quot;:50,&quot;jet_parallax_layout_bg_x_tablet&quot;:&quot;&quot;,&quot;jet_parallax_layout_bg_x_mobile&quot;:&quot;&quot;,&quot;jet_parallax_layout_bg_y&quot;:50,&quot;jet_parallax_layout_bg_y_tablet&quot;:&quot;&quot;,&quot;jet_parallax_layout_bg_y_mobile&quot;:&quot;&quot;,&quot;jet_parallax_layout_bg_size&quot;:&quot;auto&quot;,&quot;jet_parallax_layout_bg_size_tablet&quot;:&quot;&quot;,&quot;jet_parallax_layout_bg_size_mobile&quot;:&quot;&quot;,&quot;jet_parallax_layout_animation_prop&quot;:&quot;transform&quot;,&quot;jet_parallax_layout_on&quot;:[&quot;desktop&quot;,&quot;tablet&quot;]}]}\">\n\t\t\t\t\t\t<div class=\"elementor-container elementor-column-gap-default\">\n\t\t\t\t\t<div class=\"elementor-column elementor-col-100 elementor-top-column elementor-element elementor-element-2f38d70\" data-id=\"2f38d70\" data-element_type=\"column\" data-e-type=\"column\">\n\t\t\t<div class=\"elementor-widget-wrap elementor-element-populated\">\n\t\t\t\t\t\t<div class=\"elementor-element elementor-element-8b9f407 elementor-widget elementor-widget-sitemap\" data-id=\"8b9f407\" data-element_type=\"widget\" data-e-type=\"widget\" data-widget_type=\"sitemap.default\">\n\t\t\t\t<div class=\"elementor-widget-container\">\n\t\t\t\t\t<div class=\"elementor-sitemap-wrap\"><div class=\"elementor-sitemap-section\"><h2 class=\"elementor-sitemap-title elementor-sitemap-page-title\">Pages<\/h2><ul class=\"elementor-sitemap-list elementor-sitemap-page-list\"><li class=\"elementor-sitemap-item elementor-sitemap-item-page page_item page-item-107\"><a rel=\"nofollow\" href=\"https:\/\/vdb.csdcab.ca\/en\/\">Accueil<\/a><\/li><li class=\"elementor-sitemap-item elementor-sitemap-item-page page_item page-item-196\"><a rel=\"nofollow\" href=\"https:\/\/vdb.csdcab.ca\/en\/notre-ecole\/\">Notre \u00e9cole<\/a><ul class='children'><li class=\"elementor-sitemap-item elementor-sitemap-item-page page_item page-item-198\"><a rel=\"nofollow\" href=\"https:\/\/vdb.csdcab.ca\/en\/notre-ecole\/climat-scolaire\/\">Climat scolaire<\/a><\/li><li class=\"elementor-sitemap-item elementor-sitemap-item-page page_item page-item-227\"><a rel=\"nofollow\" href=\"https:\/\/vdb.csdcab.ca\/en\/notre-ecole\/conseil-decole\/\">Conseil d&rsquo;\u00e9cole<\/a><\/li><li class=\"elementor-sitemap-item elementor-sitemap-item-page page_item page-item-256\"><a rel=\"nofollow\" href=\"https:\/\/vdb.csdcab.ca\/en\/notre-ecole\/installations-scolaires\/\">Utilisation des installations scolaires<\/a><\/li><li class=\"elementor-sitemap-item elementor-sitemap-item-page page_item page-item-270\"><a rel=\"nofollow\" href=\"https:\/\/vdb.csdcab.ca\/en\/notre-ecole\/partenaires-communautaires\/\">Partenaires communautaires<\/a><\/li><\/ul><\/li><li class=\"elementor-sitemap-item elementor-sitemap-item-page page_item page-item-283\"><a rel=\"nofollow\" href=\"https:\/\/vdb.csdcab.ca\/en\/inscription\/\">Inscription<\/a><ul class='children'><li class=\"elementor-sitemap-item elementor-sitemap-item-page page_item page-item-285\"><a rel=\"nofollow\" href=\"https:\/\/vdb.csdcab.ca\/en\/inscription\/leducation-en-francais\/\">L&rsquo;\u00e9ducation en fran\u00e7ais<\/a><\/li><li class=\"elementor-sitemap-item elementor-sitemap-item-page page_item page-item-287\"><a rel=\"nofollow\" href=\"https:\/\/vdb.csdcab.ca\/en\/inscription\/admissibilite\/\">Admissibilit\u00e9<\/a><\/li><li class=\"elementor-sitemap-item elementor-sitemap-item-page page_item page-item-289\"><a rel=\"nofollow\" href=\"https:\/\/vdb.csdcab.ca\/en\/inscription\/inscrire-mon-enfant\/\">Inscrire mon enfant<\/a><\/li><li class=\"elementor-sitemap-item elementor-sitemap-item-page page_item page-item-291\"><a rel=\"nofollow\" href=\"https:\/\/vdb.csdcab.ca\/en\/inscription\/prets-pour-lecole\/\">Pr\u00eats pour l&rsquo;\u00e9cole<\/a><\/li><\/ul><\/li><li class=\"elementor-sitemap-item elementor-sitemap-item-page page_item page-item-293\"><a rel=\"nofollow\" href=\"https:\/\/vdb.csdcab.ca\/en\/education\/\">\u00c9ducation<\/a><ul class='children'><li class=\"elementor-sitemap-item elementor-sitemap-item-page page_item page-item-295\"><a rel=\"nofollow\" href=\"https:\/\/vdb.csdcab.ca\/en\/education\/notre-approche\/\">Notre approche<\/a><\/li><li class=\"elementor-sitemap-item elementor-sitemap-item-page page_item page-item-297\"><a rel=\"nofollow\" href=\"https:\/\/vdb.csdcab.ca\/en\/education\/construction-identitaire\/\">Construction identitaire<\/a><ul class='children'><li class=\"elementor-sitemap-item elementor-sitemap-item-page page_item page-item-299\"><a rel=\"nofollow\" href=\"https:\/\/vdb.csdcab.ca\/en\/education\/construction-identitaire\/francophonie\/\">Francophonie<\/a><\/li><li class=\"elementor-sitemap-item elementor-sitemap-item-page page_item page-item-301\"><a rel=\"nofollow\" href=\"https:\/\/vdb.csdcab.ca\/en\/education\/construction-identitaire\/activites-parascolaires-et-culturelles\/\">Activit\u00e9s parascolaires et culturelles<\/a><\/li><\/ul><\/li><li class=\"elementor-sitemap-item elementor-sitemap-item-page page_item page-item-303\"><a rel=\"nofollow\" href=\"https:\/\/vdb.csdcab.ca\/en\/education\/education-autochtone\/\">\u00c9ducation autochtone<\/a><\/li><li class=\"elementor-sitemap-item elementor-sitemap-item-page page_item page-item-305\"><a rel=\"nofollow\" href=\"https:\/\/vdb.csdcab.ca\/en\/education\/bien-etre-et-sante-mentale\/\">Bien-\u00eatre et sant\u00e9 mentale<\/a><\/li><\/ul><\/li><li class=\"elementor-sitemap-item elementor-sitemap-item-page page_item page-item-307\"><a rel=\"nofollow\" href=\"https:\/\/vdb.csdcab.ca\/en\/parents\/\">Parents<\/a><ul class='children'><li class=\"elementor-sitemap-item elementor-sitemap-item-page page_item page-item-310\"><a rel=\"nofollow\" href=\"https:\/\/vdb.csdcab.ca\/en\/parents\/transport-scolaire\/\">Transport scolaire<\/a><\/li><li class=\"elementor-sitemap-item elementor-sitemap-item-page page_item page-item-312\"><a rel=\"nofollow\" href=\"https:\/\/vdb.csdcab.ca\/en\/parents\/calendriers-scolaires\/\">Calendriers scolaires<\/a><\/li><li class=\"elementor-sitemap-item elementor-sitemap-item-page page_item page-item-314\"><a rel=\"nofollow\" href=\"https:\/\/vdb.csdcab.ca\/en\/parents\/horaire-quotidien\/\">Horaire quotidien<\/a><\/li><li class=\"elementor-sitemap-item elementor-sitemap-item-page page_item page-item-316\"><a rel=\"nofollow\" href=\"https:\/\/vdb.csdcab.ca\/en\/parents\/reussite-de-leleve\/\">R\u00e9ussite de l&rsquo;\u00e9l\u00e8ve<\/a><\/li><li class=\"elementor-sitemap-item elementor-sitemap-item-page page_item page-item-318\"><a rel=\"nofollow\" href=\"https:\/\/vdb.csdcab.ca\/en\/parents\/comment-mimpliquer\/\">Comment m&rsquo;impliquer?<\/a><\/li><li class=\"elementor-sitemap-item elementor-sitemap-item-page page_item page-item-324\"><a rel=\"nofollow\" href=\"https:\/\/vdb.csdcab.ca\/en\/parents\/questions-frequentes\/\">Questions fr\u00e9quentes<\/a><\/li><li class=\"elementor-sitemap-item elementor-sitemap-item-page page_item page-item-326\"><a rel=\"nofollow\" href=\"https:\/\/vdb.csdcab.ca\/en\/parents\/ressources-et-liens-pratiques\/\">Ressources et liens pratiques<\/a><\/li><li class=\"elementor-sitemap-item elementor-sitemap-item-page page_item page-item-1779\"><a rel=\"nofollow\" href=\"https:\/\/vdb.csdcab.ca\/en\/parents\/guide-de-la-rentree\/\">Guide de la rentr\u00e9e<\/a><\/li><\/ul><\/li><li class=\"elementor-sitemap-item elementor-sitemap-item-page page_item page-item-604\"><a rel=\"nofollow\" href=\"https:\/\/vdb.csdcab.ca\/en\/nous-joindre\/\">Nous joindre<\/a><\/li><li class=\"elementor-sitemap-item elementor-sitemap-item-page page_item page-item-613\"><a rel=\"nofollow\" href=\"https:\/\/vdb.csdcab.ca\/en\/plan-du-site\/\">Plan du site<\/a><\/li><li class=\"elementor-sitemap-item elementor-sitemap-item-page page_item page-item-1718\"><a rel=\"nofollow\" href=\"https:\/\/vdb.csdcab.ca\/en\/submit-events\/\">Submit Events<\/a><\/li><li class=\"elementor-sitemap-item elementor-sitemap-item-page page_item page-item-1720\"><a rel=\"nofollow\" href=\"https:\/\/vdb.csdcab.ca\/en\/edit-events\/\">Edit Events<\/a><\/li><li class=\"elementor-sitemap-item elementor-sitemap-item-page page_item page-item-1839\"><a rel=\"nofollow\" href=\"https:\/\/vdb.csdcab.ca\/en\/advanced-event-search\/\">Advanced Event Search<\/a><\/li><\/ul><\/div><\/div>\t\t\t\t<\/div>\n\t\t\t\t<\/div>\n\t\t\t\t\t<\/div>\n\t\t<\/div>\n\t\t\t\t\t<\/div>\n\t\t<\/section>\n\t\t\t\t<\/div>\n\t\t","protected":false},"excerpt":{"rendered":"","protected":false},"author":1,"featured_media":0,"parent":0,"menu_order":0,"comment_status":"closed","ping_status":"closed","template":"elementor_header_footer","meta":{"_mc_calendar":[],"footnotes":""},"class_list":["post-613","page","type-page","status-publish","hentry"],"yoast_head":"<!-- This site is optimized with the Yoast SEO plugin v27.4 - https:\/\/yoast.com\/product\/yoast-seo-wordpress\/ -->\n<title>Plan du site - \u00c9cole catholique Val-des-Bois<\/title>\n<meta name=\"robots\" content=\"index, follow, max-snippet:-1, max-image-preview:large, max-video-preview:-1\" \/>\n<link rel=\"canonical\" href=\"https:\/\/vdb.csdcab.ca\/en\/plan-du-site\/\" \/>\n<meta property=\"og:locale\" content=\"en_US\" \/>\n<meta property=\"og:type\" content=\"article\" \/>\n<meta property=\"og:title\" content=\"Plan du site - \u00c9cole catholique Val-des-Bois\" \/>\n<meta property=\"og:url\" content=\"https:\/\/vdb.csdcab.ca\/en\/plan-du-site\/\" \/>\n<meta property=\"og:site_name\" content=\"\u00c9cole catholique Val-des-Bois\" \/>\n<meta property=\"article:modified_time\" content=\"2021-08-11T19:51:19+00:00\" \/>\n<meta name=\"twitter:card\" content=\"summary_large_image\" \/>\n<script type=\"application\/ld+json\" class=\"yoast-schema-graph\">{\"@context\":\"https:\\\/\\\/schema.org\",\"@graph\":[{\"@type\":\"WebPage\",\"@id\":\"https:\\\/\\\/vdb.csdcab.ca\\\/plan-du-site\\\/\",\"url\":\"https:\\\/\\\/vdb.csdcab.ca\\\/plan-du-site\\\/\",\"name\":\"Plan du site - \u00c9cole catholique Val-des-Bois\",\"isPartOf\":{\"@id\":\"https:\\\/\\\/vdb.csdcab.ca\\\/#website\"},\"datePublished\":\"2021-08-11T19:49:20+00:00\",\"dateModified\":\"2021-08-11T19:51:19+00:00\",\"breadcrumb\":{\"@id\":\"https:\\\/\\\/vdb.csdcab.ca\\\/plan-du-site\\\/#breadcrumb\"},\"inLanguage\":\"en-CA\",\"potentialAction\":[{\"@type\":\"ReadAction\",\"target\":[\"https:\\\/\\\/vdb.csdcab.ca\\\/plan-du-site\\\/\"]}]},{\"@type\":\"BreadcrumbList\",\"@id\":\"https:\\\/\\\/vdb.csdcab.ca\\\/plan-du-site\\\/#breadcrumb\",\"itemListElement\":[{\"@type\":\"ListItem\",\"position\":1,\"name\":\"Accueil\",\"item\":\"https:\\\/\\\/vdb.csdcab.ca\\\/\"},{\"@type\":\"ListItem\",\"position\":2,\"name\":\"Plan du site\"}]},{\"@type\":\"WebSite\",\"@id\":\"https:\\\/\\\/vdb.csdcab.ca\\\/#website\",\"url\":\"https:\\\/\\\/vdb.csdcab.ca\\\/\",\"name\":\"\u00c9cole catholique Val-des-Bois\",\"description\":\"\u00c9cole catholique Val-des-Bois\",\"publisher\":{\"@id\":\"https:\\\/\\\/vdb.csdcab.ca\\\/#organization\"},\"potentialAction\":[{\"@type\":\"SearchAction\",\"target\":{\"@type\":\"EntryPoint\",\"urlTemplate\":\"https:\\\/\\\/vdb.csdcab.ca\\\/?s={search_term_string}\"},\"query-input\":{\"@type\":\"PropertyValueSpecification\",\"valueRequired\":true,\"valueName\":\"search_term_string\"}}],\"inLanguage\":\"en-CA\"},{\"@type\":\"Organization\",\"@id\":\"https:\\\/\\\/vdb.csdcab.ca\\\/#organization\",\"name\":\"\u00c9cole catholique Val-des-Bois\",\"url\":\"https:\\\/\\\/vdb.csdcab.ca\\\/\",\"logo\":{\"@type\":\"ImageObject\",\"inLanguage\":\"en-CA\",\"@id\":\"https:\\\/\\\/vdb.csdcab.ca\\\/#\\\/schema\\\/logo\\\/image\\\/\",\"url\":\"https:\\\/\\\/vdb.csdcab.ca\\\/wp-content\\\/uploads\\\/sites\\\/4\\\/2021\\\/08\\\/Valdesbois_Logo_horizontal.png\",\"contentUrl\":\"https:\\\/\\\/vdb.csdcab.ca\\\/wp-content\\\/uploads\\\/sites\\\/4\\\/2021\\\/08\\\/Valdesbois_Logo_horizontal.png\",\"width\":820,\"height\":314,\"caption\":\"\u00c9cole catholique Val-des-Bois\"},\"image\":{\"@id\":\"https:\\\/\\\/vdb.csdcab.ca\\\/#\\\/schema\\\/logo\\\/image\\\/\"}}]}<\/script>\n<!-- \/ Yoast SEO plugin. -->","yoast_head_json":{"title":"Plan du site - \u00c9cole catholique Val-des-Bois","robots":{"index":"index","follow":"follow","max-snippet":"max-snippet:-1","max-image-preview":"max-image-preview:large","max-video-preview":"max-video-preview:-1"},"canonical":"https:\/\/vdb.csdcab.ca\/en\/plan-du-site\/","og_locale":"en_US","og_type":"article","og_title":"Plan du site - \u00c9cole catholique Val-des-Bois","og_url":"https:\/\/vdb.csdcab.ca\/en\/plan-du-site\/","og_site_name":"\u00c9cole catholique Val-des-Bois","article_modified_time":"2021-08-11T19:51:19+00:00","twitter_card":"summary_large_image","schema":{"@context":"https:\/\/schema.org","@graph":[{"@type":"WebPage","@id":"https:\/\/vdb.csdcab.ca\/plan-du-site\/","url":"https:\/\/vdb.csdcab.ca\/plan-du-site\/","name":"Plan du site - \u00c9cole catholique Val-des-Bois","isPartOf":{"@id":"https:\/\/vdb.csdcab.ca\/#website"},"datePublished":"2021-08-11T19:49:20+00:00","dateModified":"2021-08-11T19:51:19+00:00","breadcrumb":{"@id":"https:\/\/vdb.csdcab.ca\/plan-du-site\/#breadcrumb"},"inLanguage":"en-CA","potentialAction":[{"@type":"ReadAction","target":["https:\/\/vdb.csdcab.ca\/plan-du-site\/"]}]},{"@type":"BreadcrumbList","@id":"https:\/\/vdb.csdcab.ca\/plan-du-site\/#breadcrumb","itemListElement":[{"@type":"ListItem","position":1,"name":"Accueil","item":"https:\/\/vdb.csdcab.ca\/"},{"@type":"ListItem","position":2,"name":"Plan du site"}]},{"@type":"WebSite","@id":"https:\/\/vdb.csdcab.ca\/#website","url":"https:\/\/vdb.csdcab.ca\/","name":"\u00c9cole catholique Val-des-Bois","description":"\u00c9cole catholique Val-des-Bois","publisher":{"@id":"https:\/\/vdb.csdcab.ca\/#organization"},"potentialAction":[{"@type":"SearchAction","target":{"@type":"EntryPoint","urlTemplate":"https:\/\/vdb.csdcab.ca\/?s={search_term_string}"},"query-input":{"@type":"PropertyValueSpecification","valueRequired":true,"valueName":"search_term_string"}}],"inLanguage":"en-CA"},{"@type":"Organization","@id":"https:\/\/vdb.csdcab.ca\/#organization","name":"\u00c9cole catholique Val-des-Bois","url":"https:\/\/vdb.csdcab.ca\/","logo":{"@type":"ImageObject","inLanguage":"en-CA","@id":"https:\/\/vdb.csdcab.ca\/#\/schema\/logo\/image\/","url":"https:\/\/vdb.csdcab.ca\/wp-content\/uploads\/sites\/4\/2021\/08\/Valdesbois_Logo_horizontal.png","contentUrl":"https:\/\/vdb.csdcab.ca\/wp-content\/uploads\/sites\/4\/2021\/08\/Valdesbois_Logo_horizontal.png","width":820,"height":314,"caption":"\u00c9cole catholique Val-des-Bois"},"image":{"@id":"https:\/\/vdb.csdcab.ca\/#\/schema\/logo\/image\/"}}]}},"_links":{"self":[{"href":"https:\/\/vdb.csdcab.ca\/en\/wp-json\/wp\/v2\/pages\/613","targetHints":{"allow":["GET"]}}],"collection":[{"href":"https:\/\/vdb.csdcab.ca\/en\/wp-json\/wp\/v2\/pages"}],"about":[{"href":"https:\/\/vdb.csdcab.ca\/en\/wp-json\/wp\/v2\/types\/page"}],"author":[{"embeddable":true,"href":"https:\/\/vdb.csdcab.ca\/en\/wp-json\/wp\/v2\/users\/1"}],"replies":[{"embeddable":true,"href":"https:\/\/vdb.csdcab.ca\/en\/wp-json\/wp\/v2\/comments?post=613"}],"version-history":[{"count":0,"href":"https:\/\/vdb.csdcab.ca\/en\/wp-json\/wp\/v2\/pages\/613\/revisions"}],"wp:attachment":[{"href":"https:\/\/vdb.csdcab.ca\/en\/wp-json\/wp\/v2\/media?parent=613"}],"curies":[{"name":"wp","href":"https:\/\/api.w.org\/{rel}","templated":true}]}}